{"id":7183,"date":"2022-01-02T18:17:35","date_gmt":"2022-01-02T17:17:35","guid":{"rendered":"https:\/\/www.living-leedh.com\/?page_id=7183"},"modified":"2022-01-05T09:38:39","modified_gmt":"2022-01-05T08:38:39","slug":"site-officiel-leedh","status":"publish","type":"page","link":"https:\/\/www.living-leedh.com\/?page_id=7183","title":{"rendered":"Site officiel Leedh"},"content":{"rendered":"<p>Le fabricant ne produisant plus le mat\u00e9riel C,E,E2, caisson 20.1, le site du constructeur n&rsquo;est plus en ligne.<br \/>\nToutefois, la maintenance et les upgrades des produits sont encore assur\u00e9s dans l&rsquo;atelier de Vaas.<\/p>\n<p>Dans le cadre de la cr\u00e9ation d&rsquo;une nouvelle soci\u00e9t\u00e9 \u00ab\u00a0SonorSource\u00a0\u00bb dirig\u00e9e par Ludovic Fournier, ancien collaborateur de Gilles Milot, et toujours dans les ateliers de Vaas, un nouveau produit <em>Origami 86 <\/em>a \u00e9t\u00e9 d\u00e9velopp\u00e9 par Ludovic et Gilles et vient d&rsquo;\u00eatre commercialis\u00e9.<br \/>\ncontact@sonorsource.com<\/p>\n","protected":false},"excerpt":{"rendered":"<p>Le fabricant ne produisant plus le mat\u00e9riel C,E,E2, caisson 20.1, le site du constructeur n&rsquo;est plus en ligne. Toutefois, la maintenance et les upgrades des produits sont encore assur\u00e9s dans l&rsquo;atelier de Vaas. Dans le cadre de la cr\u00e9ation d&rsquo;une nouvelle soci\u00e9t\u00e9 \u00ab\u00a0SonorSource\u00a0\u00bb dirig\u00e9e par Ludovic Fournier, ancien collaborateur de Gilles Milot, et toujours dans &hellip; <a href=\"https:\/\/www.living-leedh.com\/?page_id=7183\" class=\"more-link\">Continuer la lecture de <span class=\"screen-reader-text\">Site officiel Leedh<\/span>  <span class=\"meta-nav\">&rarr;<\/span><\/a><\/p>\n","protected":false},"author":1,"featured_media":0,"parent":0,"menu_order":0,"comment_status":"closed","ping_status":"closed","template":"","meta":{"_bbp_topic_count":0,"_bbp_reply_count":0,"_bbp_total_topic_count":0,"_bbp_total_reply_count":0,"_bbp_voice_count":0,"_bbp_anonymous_reply_count":0,"_bbp_topic_count_hidden":0,"_bbp_reply_count_hidden":0,"_bbp_forum_subforum_count":0,"footnotes":""},"class_list":["post-7183","page","type-page","status-publish","hentry"],"_links":{"self":[{"href":"https:\/\/www.living-leedh.com\/index.php?rest_route=\/wp\/v2\/pages\/7183","targetHints":{"allow":["GET"]}}],"collection":[{"href":"https:\/\/www.living-leedh.com\/index.php?rest_route=\/wp\/v2\/pages"}],"about":[{"href":"https:\/\/www.living-leedh.com\/index.php?rest_route=\/wp\/v2\/types\/page"}],"author":[{"embeddable":true,"href":"https:\/\/www.living-leedh.com\/index.php?rest_route=\/wp\/v2\/users\/1"}],"replies":[{"embeddable":true,"href":"https:\/\/www.living-leedh.com\/index.php?rest_route=%2Fwp%2Fv2%2Fcomments&post=7183"}],"version-history":[{"count":7,"href":"https:\/\/www.living-leedh.com\/index.php?rest_route=\/wp\/v2\/pages\/7183\/revisions"}],"predecessor-version":[{"id":7194,"href":"https:\/\/www.living-leedh.com\/index.php?rest_route=\/wp\/v2\/pages\/7183\/revisions\/7194"}],"wp:attachment":[{"href":"https:\/\/www.living-leedh.com\/index.php?rest_route=%2Fwp%2Fv2%2Fmedia&parent=7183"}],"curies":[{"name":"wp","href":"https:\/\/api.w.org\/{rel}","templated":true}]}}