{"id":7323,"date":"2022-02-16T08:52:13","date_gmt":"2022-02-16T07:52:13","guid":{"rendered":"https:\/\/www.living-leedh.com\/?page_id=7323"},"modified":"2022-06-26T11:21:15","modified_gmt":"2022-06-26T09:21:15","slug":"soiree-vinyle-origami","status":"publish","type":"page","link":"https:\/\/www.living-leedh.com\/?page_id=7323","title":{"rendered":"Soir\u00e9e vinyle Origami"},"content":{"rendered":"<p><em>4 f\u00e9vrier 2022.<\/em><br \/>\n<em>Villa Carm\u00e9lie, conservatoire de Saint Brieuc.<br \/>\n<\/em><br \/>\nQuel plaisir de se retrouver, amis de l&rsquo;association Jazz Angle, enseignants jazz du conservatoire, \u00e9l\u00e8ves, personnel technique et d&rsquo;accueil, membres du club living-leedh, et Linette et Stuart, nos 2 journalistes de Hifi Pig, encore bretons pour quelques mois et qui ont<a href=\"https:\/\/hifipig.com\/origami-86th-system-launch-at-vinyl-jazz-evening\/#more-144523\" target=\"_blank\" rel=\"noopener\"> relat\u00e9 cette soir\u00e9e<\/a>.<br \/>\nEn tout une cinquantaine de personnes pr\u00e9sentes.<\/p>\n<p><a href=\"https:\/\/www.living-leedh.com\/wp-content\/uploads\/2022\/01\/SoireeVinyles2022Origami.png\"><img loading=\"lazy\" decoding=\"async\" class=\"alignnone wp-image-7294\" src=\"https:\/\/www.living-leedh.com\/wp-content\/uploads\/2022\/01\/SoireeVinyles2022Origami.png\" alt=\"\" width=\"373\" height=\"540\" srcset=\"https:\/\/www.living-leedh.com\/wp-content\/uploads\/2022\/01\/SoireeVinyles2022Origami.png 1074w, https:\/\/www.living-leedh.com\/wp-content\/uploads\/2022\/01\/SoireeVinyles2022Origami-207x300.png 207w, https:\/\/www.living-leedh.com\/wp-content\/uploads\/2022\/01\/SoireeVinyles2022Origami-708x1024.png 708w, https:\/\/www.living-leedh.com\/wp-content\/uploads\/2022\/01\/SoireeVinyles2022Origami-768x1111.png 768w, https:\/\/www.living-leedh.com\/wp-content\/uploads\/2022\/01\/SoireeVinyles2022Origami-1062x1536.png 1062w, https:\/\/www.living-leedh.com\/wp-content\/uploads\/2022\/01\/SoireeVinyles2022Origami-400x579.png 400w\" sizes=\"auto, (max-width: 373px) 100vw, 373px\" \/><\/a><\/p>\n<p>Pour ces retrouvailles, Ludovic et Gilles n&rsquo;ont pas h\u00e9sit\u00e9 \u00e0 se d\u00e9placer pour pr\u00e9senter le nouveau syst\u00e8me<a href=\"https:\/\/origami-audio.com\/\" target=\"_blank\" rel=\"noopener\"> Origami 86th<\/a>, dont j&rsquo;ai acquis le deuxi\u00e8me exemplaire commercialis\u00e9, mais que je n&rsquo;envisageais pas d&rsquo;installer pour cette soir\u00e9e.<br \/>\n<a href=\"https:\/\/www.living-leedh.com\/wp-content\/uploads\/2022\/02\/Origami1.jpg\"><img loading=\"lazy\" decoding=\"async\" class=\"size-medium wp-image-7327 alignleft\" src=\"https:\/\/www.living-leedh.com\/wp-content\/uploads\/2022\/02\/Origami1-300x225.jpg\" alt=\"\" width=\"300\" height=\"225\" srcset=\"https:\/\/www.living-leedh.com\/wp-content\/uploads\/2022\/02\/Origami1-300x225.jpg 300w, https:\/\/www.living-leedh.com\/wp-content\/uploads\/2022\/02\/Origami1-1024x768.jpg 1024w, https:\/\/www.living-leedh.com\/wp-content\/uploads\/2022\/02\/Origami1-768x576.jpg 768w, https:\/\/www.living-leedh.com\/wp-content\/uploads\/2022\/02\/Origami1-1536x1152.jpg 1536w, https:\/\/www.living-leedh.com\/wp-content\/uploads\/2022\/02\/Origami1-400x300.jpg 400w, https:\/\/www.living-leedh.com\/wp-content\/uploads\/2022\/02\/Origami1.jpg 2016w\" sizes=\"auto, (max-width: 300px) 100vw, 300px\" \/><\/a>Le programme propos\u00e9 par Alain et Christian sortait des habitudes tranquilles d&rsquo;\u00e9coutes pour nous emmener dans des chemins de traverse, de quoi solliciter au maximum le syst\u00e8me.<br \/>\nC&rsquo;\u00e9tait l\u00e0 l&rsquo;occasion de tester la diffusion \u00e0 partir d&rsquo;une source analogique sur un syst\u00e8me num\u00e9rique avec entr\u00e9e optique &#8230;<\/p>\n<p><a href=\"https:\/\/www.living-leedh.com\/wp-content\/uploads\/2022\/02\/Prog-soiree-vinyle.jpg\"><img loading=\"lazy\" decoding=\"async\" class=\"alignnone size-full wp-image-7345\" src=\"https:\/\/www.living-leedh.com\/wp-content\/uploads\/2022\/02\/Prog-soiree-vinyle.jpg\" alt=\"\" width=\"1062\" height=\"798\" srcset=\"https:\/\/www.living-leedh.com\/wp-content\/uploads\/2022\/02\/Prog-soiree-vinyle.jpg 1062w, https:\/\/www.living-leedh.com\/wp-content\/uploads\/2022\/02\/Prog-soiree-vinyle-300x225.jpg 300w, https:\/\/www.living-leedh.com\/wp-content\/uploads\/2022\/02\/Prog-soiree-vinyle-1024x769.jpg 1024w, https:\/\/www.living-leedh.com\/wp-content\/uploads\/2022\/02\/Prog-soiree-vinyle-768x577.jpg 768w, https:\/\/www.living-leedh.com\/wp-content\/uploads\/2022\/02\/Prog-soiree-vinyle-400x301.jpg 400w\" sizes=\"auto, (max-width: 1062px) 100vw, 1062px\" \/><\/a><\/p>\n<p>La courroie de la platine Wilson Benesch ayant l\u00e2ch\u00e9 quelques jours avant, j&rsquo;ai ressorti l&rsquo;une de mes premi\u00e8res platines de jeunesse (mes premiers salaires &#8230;), une <a href=\"https:\/\/www.vinylengine.com\/library\/sanyo\/tp-1000.shtml\" target=\"_blank\" rel=\"noopener\">Sanyo TP1000<\/a> \u00e0 entrainement direct, avec un bras Excel Sound (?) (en fin de compte, apr\u00e8s quelques recherches, il s&rsquo;agit d&rsquo;un bras Lustre)<br \/>\nPas tourn\u00e9 depuis 45 ans, repartie sans \u00e9tat d&rsquo;\u00e2me.<br \/>\nLe temps de monter une cellule Ortofon 2M Blue et de reprendre les r\u00e9glages du bras &#8230;<br \/>\nPlusieurs essais avaient \u00e9t\u00e9 effectu\u00e9s la veille pour trouver la meilleure fa\u00e7on de connecter la platine (analogique) au syst\u00e8me (num\u00e9rique).<br \/>\nAvant tout, il faut passer par un ADC (Analogue to Digital Converter). Pour \u00ab\u00a0attaquer\u00a0\u00bb le syst\u00e8me Origami il lui faut une sortie optique Toslink.<br \/>\nNous avons d&rsquo;abord reli\u00e9 le <a href=\"http:\/\/www.swissonor.ch\/pdf\/MiniSeries_f.pdf\" target=\"_blank\" rel=\"noopener\">RIAA Swissonor<\/a> \u00e0 un pr\u00e9ampli \u00e0 tube DIY lui-m\u00eame reli\u00e9 \u00e0 l&rsquo;ADC.<br \/>\nR\u00e9sultats int\u00e9ressants, en tout cas tout \u00e0 fait utilisable pour la soir\u00e9e du lendemain.<br \/>\nPuis,<a href=\"https:\/\/www.living-leedh.com\/wp-content\/uploads\/2022\/04\/Schema-vinyle.pdf\" target=\"_blank\" rel=\"noopener\"> un chemin plus improbable a \u00e9t\u00e9 tent\u00e9<\/a> : RIAA Swissonor directement reli\u00e9 \u00e0 l&rsquo;ADC, dont la sortie optique a \u00e9t\u00e9 branch\u00e9e sur l&rsquo;entr\u00e9e optique de mon Mac mini, pour passer par le LeedhProcessing (r\u00e9glage de volume + sur\u00e9chantillonnage x 4,\u00a0 soit 192 khz, la sortie de l&rsquo;ADC \u00e9tant en 48 khz, norme DVD). Sortie par USB et convertisseur USB\/Toslink &#8230;<br \/>\nJ&rsquo;entends d\u00e9j\u00e0 les cris d&rsquo;orfraie, les miens en tout cas !<br \/>\nMais sinc\u00e8rement, une tuerie. Du vinyle dans toute sa splendeur !<br \/>\nD\u00e9cision d&rsquo;utiliser cette configuration pour le lendemain, sans toutefois trop le crier sur les toits, afin de ne pas heurter certaines sensibilit\u00e9s.<br \/>\n<a href=\"https:\/\/www.living-leedh.com\/wp-content\/uploads\/2022\/02\/Origami2.jpg\"><img loading=\"lazy\" decoding=\"async\" class=\"alignnone wp-image-7332 size-full\" src=\"https:\/\/www.living-leedh.com\/wp-content\/uploads\/2022\/02\/Origami2.jpg\" alt=\"\" width=\"1200\" height=\"900\" srcset=\"https:\/\/www.living-leedh.com\/wp-content\/uploads\/2022\/02\/Origami2.jpg 1200w, https:\/\/www.living-leedh.com\/wp-content\/uploads\/2022\/02\/Origami2-300x225.jpg 300w, https:\/\/www.living-leedh.com\/wp-content\/uploads\/2022\/02\/Origami2-1024x768.jpg 1024w, https:\/\/www.living-leedh.com\/wp-content\/uploads\/2022\/02\/Origami2-768x576.jpg 768w, https:\/\/www.living-leedh.com\/wp-content\/uploads\/2022\/02\/Origami2-400x300.jpg 400w\" sizes=\"auto, (max-width: 1200px) 100vw, 1200px\" \/><\/a><\/p>\n<p>Ludovic, tr\u00e8s critique sur les d\u00e9fauts du vinyle a chang\u00e9, semble-t-il, ce soir-l\u00e0, d&rsquo;opinion. Ils proposeront dans leur futur nouvel auditorium, aussi, des \u00e9coutes de galettes.<br \/>\nIl faut dire que les vinyles d&rsquo;origine apport\u00e9s par Alain Loguillard sont toujours dans un \u00e9tat incroyable.<br \/>\nComment fait-il ? Interrog\u00e9, il r\u00e9pond :\u00a0 rien de particulier !<br \/>\nEt \u00e0 la toute fin, le syst\u00e8me a \u00e9t\u00e9 applaudi.<\/p>\n<p>Petit b\u00e9mol, toutefois. Le conservatoire fermait ce jour-l\u00e0 \u00e0 21h00.<br \/>\nCe que nous ne savions pas. Et nous nous sommes fait virer, \u00e0 21h00 juste pile, alors qu&rsquo;il nous restait une dizaine de minutes d&rsquo;\u00e9coute pour finir le programme&#8230;<br \/>\nNous n&rsquo;entendrons pas les 3 derni\u00e8res plages.<br \/>\nUne certaine vision du Service Public ?<\/p>\n<p>Plus d&rsquo;infos sur le syst\u00e8me\u00a0 <a href=\"https:\/\/www.on-mag.fr\/index.php\/topaudio\/actualites-news\/23358-origami-86th-des-haut-parleurs-beaucoup-passionnement-a-la-folie\" target=\"_blank\" rel=\"noopener\"><img loading=\"lazy\" decoding=\"async\" class=\"wp-image-6762 alignnone\" src=\"https:\/\/www.living-leedh.com\/wp-content\/uploads\/2020\/04\/logo-onv3.png\" alt=\"\" width=\"120\" height=\"32\" \/><\/a><\/p>\n","protected":false},"excerpt":{"rendered":"<p>4 f\u00e9vrier 2022. Villa Carm\u00e9lie, conservatoire de Saint Brieuc. Quel plaisir de se retrouver, amis de l&rsquo;association Jazz Angle, enseignants jazz du conservatoire, \u00e9l\u00e8ves, personnel technique et d&rsquo;accueil, membres du club living-leedh, et Linette et Stuart, nos 2 journalistes de Hifi Pig, encore bretons pour quelques mois et qui ont relat\u00e9 cette soir\u00e9e. En tout &hellip; <a href=\"https:\/\/www.living-leedh.com\/?page_id=7323\" class=\"more-link\">Continuer la lecture de <span class=\"screen-reader-text\">Soir\u00e9e vinyle Origami<\/span>  <span class=\"meta-nav\">&rarr;<\/span><\/a><\/p>\n","protected":false},"author":1,"featured_media":0,"parent":0,"menu_order":0,"comment_status":"closed","ping_status":"closed","template":"","meta":{"_bbp_topic_count":0,"_bbp_reply_count":0,"_bbp_total_topic_count":0,"_bbp_total_reply_count":0,"_bbp_voice_count":0,"_bbp_anonymous_reply_count":0,"_bbp_topic_count_hidden":0,"_bbp_reply_count_hidden":0,"_bbp_forum_subforum_count":0,"footnotes":""},"class_list":["post-7323","page","type-page","status-publish","hentry"],"_links":{"self":[{"href":"https:\/\/www.living-leedh.com\/index.php?rest_route=\/wp\/v2\/pages\/7323","targetHints":{"allow":["GET"]}}],"collection":[{"href":"https:\/\/www.living-leedh.com\/index.php?rest_route=\/wp\/v2\/pages"}],"about":[{"href":"https:\/\/www.living-leedh.com\/index.php?rest_route=\/wp\/v2\/types\/page"}],"author":[{"embeddable":true,"href":"https:\/\/www.living-leedh.com\/index.php?rest_route=\/wp\/v2\/users\/1"}],"replies":[{"embeddable":true,"href":"https:\/\/www.living-leedh.com\/index.php?rest_route=%2Fwp%2Fv2%2Fcomments&post=7323"}],"version-history":[{"count":25,"href":"https:\/\/www.living-leedh.com\/index.php?rest_route=\/wp\/v2\/pages\/7323\/revisions"}],"predecessor-version":[{"id":7506,"href":"https:\/\/www.living-leedh.com\/index.php?rest_route=\/wp\/v2\/pages\/7323\/revisions\/7506"}],"wp:attachment":[{"href":"https:\/\/www.living-leedh.com\/index.php?rest_route=%2Fwp%2Fv2%2Fmedia&parent=7323"}],"curies":[{"name":"wp","href":"https:\/\/api.w.org\/{rel}","templated":true}]}}