{"id":851,"date":"2015-05-02T23:38:52","date_gmt":"2015-05-02T21:38:52","guid":{"rendered":"http:\/\/www.living-leedh.com\/?page_id=851"},"modified":"2022-03-09T13:37:09","modified_gmt":"2022-03-09T12:37:09","slug":"nazca-ica","status":"publish","type":"page","link":"https:\/\/www.living-leedh.com\/?page_id=851","title":{"rendered":"NAZCA &#038; ICA"},"content":{"rendered":"<p><strong>Il est gonfl\u00e9 ce tweeter !<\/strong><\/p>\n<p>Le Tweeter HD3P Audax est un tweeter faisant appel \u00e0 un transducteur avec une membrane PVDF (mat\u00e9riau piezo-\u00e9lectrique) avec une m\u00e9tallisation d&rsquo;or, con\u00e7u par Gilles Milot. La membrane est juste gonfl\u00e9e \u00e0 l&rsquo;air et est effectivement sujette au d\u00e9gonflage quoi que l&rsquo;on fasse.<\/p>\n<p><a href=\"http:\/\/www.living-leedh.com\/wp-content\/uploads\/2015\/05\/Tweet1web.jpg\"><img loading=\"lazy\" decoding=\"async\" class=\"alignnone wp-image-853\" src=\"http:\/\/www.living-leedh.com\/wp-content\/uploads\/2015\/05\/Tweet1web-298x300.jpg\" alt=\"Tweet1web\" width=\"227\" height=\"229\" srcset=\"https:\/\/www.living-leedh.com\/wp-content\/uploads\/2015\/05\/Tweet1web-298x300.jpg 298w, https:\/\/www.living-leedh.com\/wp-content\/uploads\/2015\/05\/Tweet1web-150x150.jpg 150w, https:\/\/www.living-leedh.com\/wp-content\/uploads\/2015\/05\/Tweet1web.jpg 336w\" sizes=\"auto, (max-width: 227px) 100vw, 227px\" \/><\/a><a href=\"http:\/\/www.living-leedh.com\/wp-content\/uploads\/2015\/05\/Tweet2web.jpg\"><img loading=\"lazy\" decoding=\"async\" class=\" wp-image-855 alignnone\" src=\"http:\/\/www.living-leedh.com\/wp-content\/uploads\/2015\/05\/Tweet2web-297x300.jpg\" alt=\"Tweet2web\" width=\"225\" height=\"227\" srcset=\"https:\/\/www.living-leedh.com\/wp-content\/uploads\/2015\/05\/Tweet2web-297x300.jpg 297w, https:\/\/www.living-leedh.com\/wp-content\/uploads\/2015\/05\/Tweet2web-150x150.jpg 150w, https:\/\/www.living-leedh.com\/wp-content\/uploads\/2015\/05\/Tweet2web.jpg 336w\" sizes=\"auto, (max-width: 225px) 100vw, 225px\" \/><\/a><\/p>\n<p>Pour mesurer l&rsquo;\u00e9tat du tweeter, poser la tranche d&rsquo;une carte de visite sur la platine du tweeter en son milieu. Si la membrane touche en son sommet ce r\u00e9glet (alignement sommet membrane avec la platine du tweeter), alors le tweeter est conforme. Si l&rsquo;\u00e9cart entre la membrane et le r\u00e9glet est &gt; 0,5mm =&gt; regonflage n\u00e9cessaire.\u00a0La cons\u00e9quence d&rsquo;un tweeter d\u00e9gonfl\u00e9 est un signal affaibli (moins d&rsquo;amplitude = signal moins fort). Et c&rsquo;est tr\u00e8s sensible !<\/p>\n<p>Le SAV de LEEDH (<a href=\"http:\/\/www.moca-audio.com\" target=\"_blank\" rel=\"noopener\">Moca Audio<\/a>) assure une l\u00e9g\u00e8re transformation du tweeter. Il s&rsquo;agit d&rsquo;adjoindre une valve pour le regonfler! Ensuite, on peut proc\u00e9der au regonflage soi-m\u00eame en cas de besoin. Moca Audio\u00a0fourni le mat\u00e9riel (une seringue) et le mode op\u00e9ratoire. Quelques possesseurs de Nazca changent pour un autre tweeter faute d&rsquo;information &#8230; et pour tr\u00e8s cher &#8230;.\u00a0\u00a0\u00a0 Quel dommage !!!<br \/>\n<a href=\"http:\/\/www.living-leedh.com\/wp-content\/uploads\/2015\/05\/Nazca-r\u00e9par\u00e9-Web.jpg\"><img loading=\"lazy\" decoding=\"async\" class=\" size-medium wp-image-861 aligncenter\" src=\"http:\/\/www.living-leedh.com\/wp-content\/uploads\/2015\/05\/Nazca-r\u00e9par\u00e9-Web-300x144.jpg\" alt=\"Nazca r\u00e9par\u00e9 Web\" width=\"300\" height=\"144\" srcset=\"https:\/\/www.living-leedh.com\/wp-content\/uploads\/2015\/05\/Nazca-r\u00e9par\u00e9-Web-300x144.jpg 300w, https:\/\/www.living-leedh.com\/wp-content\/uploads\/2015\/05\/Nazca-r\u00e9par\u00e9-Web-400x192.jpg 400w, https:\/\/www.living-leedh.com\/wp-content\/uploads\/2015\/05\/Nazca-r\u00e9par\u00e9-Web.jpg 448w\" sizes=\"auto, (max-width: 300px) 100vw, 300px\" \/><\/a><\/p>\n<p><em>Merci \u00e0 Th\u00e9o pour cette contribution.\u00a0<\/em><\/p>\n","protected":false},"excerpt":{"rendered":"<p>Il est gonfl\u00e9 ce tweeter ! Le Tweeter HD3P Audax est un tweeter faisant appel \u00e0 un transducteur avec une membrane PVDF (mat\u00e9riau piezo-\u00e9lectrique) avec une m\u00e9tallisation d&rsquo;or, con\u00e7u par Gilles Milot. La membrane est juste gonfl\u00e9e \u00e0 l&rsquo;air et est effectivement sujette au d\u00e9gonflage quoi que l&rsquo;on fasse. Pour mesurer l&rsquo;\u00e9tat du tweeter, poser &hellip; <a href=\"https:\/\/www.living-leedh.com\/?page_id=851\" class=\"more-link\">Continuer la lecture de <span class=\"screen-reader-text\">NAZCA &#038; ICA<\/span>  <span class=\"meta-nav\">&rarr;<\/span><\/a><\/p>\n","protected":false},"author":1,"featured_media":0,"parent":0,"menu_order":0,"comment_status":"closed","ping_status":"open","template":"","meta":{"_bbp_topic_count":0,"_bbp_reply_count":0,"_bbp_total_topic_count":0,"_bbp_total_reply_count":0,"_bbp_voice_count":0,"_bbp_anonymous_reply_count":0,"_bbp_topic_count_hidden":0,"_bbp_reply_count_hidden":0,"_bbp_forum_subforum_count":0,"footnotes":""},"class_list":["post-851","page","type-page","status-publish","hentry"],"_links":{"self":[{"href":"https:\/\/www.living-leedh.com\/index.php?rest_route=\/wp\/v2\/pages\/851","targetHints":{"allow":["GET"]}}],"collection":[{"href":"https:\/\/www.living-leedh.com\/index.php?rest_route=\/wp\/v2\/pages"}],"about":[{"href":"https:\/\/www.living-leedh.com\/index.php?rest_route=\/wp\/v2\/types\/page"}],"author":[{"embeddable":true,"href":"https:\/\/www.living-leedh.com\/index.php?rest_route=\/wp\/v2\/users\/1"}],"replies":[{"embeddable":true,"href":"https:\/\/www.living-leedh.com\/index.php?rest_route=%2Fwp%2Fv2%2Fcomments&post=851"}],"version-history":[{"count":21,"href":"https:\/\/www.living-leedh.com\/index.php?rest_route=\/wp\/v2\/pages\/851\/revisions"}],"predecessor-version":[{"id":7404,"href":"https:\/\/www.living-leedh.com\/index.php?rest_route=\/wp\/v2\/pages\/851\/revisions\/7404"}],"wp:attachment":[{"href":"https:\/\/www.living-leedh.com\/index.php?rest_route=%2Fwp%2Fv2%2Fmedia&parent=851"}],"curies":[{"name":"wp","href":"https:\/\/api.w.org\/{rel}","templated":true}]}}