{"id":88,"date":"2015-03-18T10:39:45","date_gmt":"2015-03-18T09:39:45","guid":{"rendered":"http:\/\/www.living-leedh.com\/?page_id=88"},"modified":"2022-04-04T15:42:30","modified_gmt":"2022-04-04T13:42:30","slug":"melomane34","status":"publish","type":"page","link":"https:\/\/www.living-leedh.com\/?page_id=88","title":{"rendered":"M\u00e9lomane34"},"content":{"rendered":"<p style=\"text-align: left;\">Situ\u00e9e pr\u00e8s du Cap d&rsquo;Agde (on a connu pire), cette belle installation, tout \u00e0 la fois pour une \u00e9coute audiophile et home-cin\u00e9ma, met en \u0153uvre pas moins de 2 caissons 20.1 &#8230;<br \/>\nL&rsquo;optimisation de l&rsquo;acoustique de la pi\u00e8ce et du meuble a \u00e9t\u00e9 faite par Laurent Gromier de Troisens.<\/p>\n<p>Leedh E2, c\u00e2ble Universel,\u00a0 2 x caissons 20.1<\/p>\n<div id='gallery-1' class='gallery galleryid-88 gallery-columns-3 gallery-size-thumbnail'><figure class='gallery-item'>\n\t\t\t<div class='gallery-icon landscape'>\n\t\t\t\t<a href='https:\/\/www.living-leedh.com\/?attachment_id=99'><img loading=\"lazy\" decoding=\"async\" width=\"150\" height=\"150\" src=\"https:\/\/www.living-leedh.com\/wp-content\/uploads\/2015\/03\/P3190009-150x150.jpg\" class=\"attachment-thumbnail size-thumbnail\" alt=\"\" \/><\/a>\n\t\t\t<\/div><\/figure><figure class='gallery-item'>\n\t\t\t<div class='gallery-icon landscape'>\n\t\t\t\t<a href='https:\/\/www.living-leedh.com\/?attachment_id=100'><img loading=\"lazy\" decoding=\"async\" width=\"150\" height=\"150\" src=\"https:\/\/www.living-leedh.com\/wp-content\/uploads\/2015\/03\/P3190010-150x150.jpg\" class=\"attachment-thumbnail size-thumbnail\" alt=\"\" \/><\/a>\n\t\t\t<\/div><\/figure><figure class='gallery-item'>\n\t\t\t<div class='gallery-icon landscape'>\n\t\t\t\t<a href='https:\/\/www.living-leedh.com\/?attachment_id=101'><img loading=\"lazy\" decoding=\"async\" width=\"150\" height=\"150\" src=\"https:\/\/www.living-leedh.com\/wp-content\/uploads\/2015\/03\/P3190012-150x150.jpg\" class=\"attachment-thumbnail size-thumbnail\" alt=\"\" \/><\/a>\n\t\t\t<\/div><\/figure><figure class='gallery-item'>\n\t\t\t<div class='gallery-icon landscape'>\n\t\t\t\t<a href='https:\/\/www.living-leedh.com\/?attachment_id=102'><img loading=\"lazy\" decoding=\"async\" width=\"150\" height=\"150\" src=\"https:\/\/www.living-leedh.com\/wp-content\/uploads\/2015\/03\/P3190013-150x150.jpg\" class=\"attachment-thumbnail size-thumbnail\" alt=\"\" \/><\/a>\n\t\t\t<\/div><\/figure><figure class='gallery-item'>\n\t\t\t<div class='gallery-icon landscape'>\n\t\t\t\t<a href='https:\/\/www.living-leedh.com\/?attachment_id=103'><img loading=\"lazy\" decoding=\"async\" width=\"150\" height=\"150\" src=\"https:\/\/www.living-leedh.com\/wp-content\/uploads\/2015\/03\/P3190018-150x150.jpg\" class=\"attachment-thumbnail size-thumbnail\" alt=\"\" \/><\/a>\n\t\t\t<\/div><\/figure><figure class='gallery-item'>\n\t\t\t<div class='gallery-icon landscape'>\n\t\t\t\t<a href='https:\/\/www.living-leedh.com\/?attachment_id=154'><img loading=\"lazy\" decoding=\"async\" width=\"150\" height=\"150\" src=\"https:\/\/www.living-leedh.com\/wp-content\/uploads\/2015\/03\/PB050001-150x150.jpg\" class=\"attachment-thumbnail size-thumbnail\" alt=\"\" srcset=\"https:\/\/www.living-leedh.com\/wp-content\/uploads\/2015\/03\/PB050001-150x150.jpg 150w, https:\/\/www.living-leedh.com\/wp-content\/uploads\/2015\/03\/PB050001-200x200.jpg 200w\" sizes=\"auto, (max-width: 150px) 100vw, 150px\" \/><\/a>\n\t\t\t<\/div><\/figure>\n\t\t<\/div>\n\n<p>Autres \u00e9l\u00e9ments de la cha\u00eene :<\/p>\n<ul>\n<li>Int\u00e9gr\u00e9 <a title=\"Melo34diablo\" href=\"http:\/\/www.gryphon-audio.dk\/\" target=\"_blank\" rel=\"noopener\">Gryphon Diablo<\/a><\/li>\n<li>source N\u00e9odio <a title=\"M\u00e9loNR22\" href=\"http:\/\/www.neodio.fr\/nr_range_fr.html\" target=\"_blank\" rel=\"noopener\">NR22HD<\/a>\u00a0 avec Mac sur entr\u00e9e num\u00e9rique\u00a0 (modification constructeur)<\/li>\n<li>Platine Rega P5 avec alimentation s\u00e9par\u00e9e, PP <a href=\"http:\/\/www.swissonor.ch\/pdf\/MiniSeries_f.pdf\" target=\"_blank\" rel=\"noopener\">RIAA Swissonor<\/a><\/li>\n<li>Cellule MM Elys 2<\/li>\n<li>Barrette secteur <a href=\"http:\/\/www.isoteksystems.com\/\" target=\"_blank\" rel=\"noopener\">ISOTEK Sigma<\/a>, c\u00e2ble secteur Acrolink<\/li>\n<li>2 bo\u00eetes de masse s\u00e9par\u00e9e : <a title=\"Melo34entreq\" href=\"http:\/\/www.entreq.com\/products\/ground-boxes-17667704\" target=\"_blank\" rel=\"noopener\">ENTREQ<\/a> Tellus et Mininmus<\/li>\n<li>Modulation : <a href=\"http:\/\/www.actinote.com\/\" target=\"_blank\" rel=\"noopener\">Actinote <\/a>Sonata,\u00a0 Jadis, Yba<\/li>\n<li>Caissons sur sortie sub de l&rsquo;int\u00e9gr\u00e9 avec c\u00e2bles Analysis plus, super sub<\/li>\n<li>Vid\u00e9o-projecteur X500, Oppo 93 signature, d\u00e9modulateur num\u00e9rique OPtex HD, \u00e9cran 2,44 m autotension\u00e9,\u00a0 16:9 encastr\u00e9 <a href=\"http:\/\/www.living-leedh.com\/wp-content\/uploads\/2015\/03\/TD160.png\"><img loading=\"lazy\" decoding=\"async\" class=\"size-medium wp-image-2816 alignleft\" src=\"http:\/\/www.living-leedh.com\/wp-content\/uploads\/2015\/03\/TD160-300x226.png\" alt=\"TD160\" width=\"300\" height=\"226\" srcset=\"https:\/\/www.living-leedh.com\/wp-content\/uploads\/2015\/03\/TD160-300x226.png 300w, https:\/\/www.living-leedh.com\/wp-content\/uploads\/2015\/03\/TD160-400x302.png 400w, https:\/\/www.living-leedh.com\/wp-content\/uploads\/2015\/03\/TD160.png 822w\" sizes=\"auto, (max-width: 300px) 100vw, 300px\" \/><\/a><\/li>\n<\/ul>\n<p>la petite derni\u00e8re :<br \/>\nTD160 Swissonor, cellule Ortofon 2M Blue<\/p>\n<p>&nbsp;<\/p>\n<p>&nbsp;<\/p>\n<p><strong>Suivre<\/strong> M\u00e9lomane34 sur <a href=\"http:\/\/www.homecinema-fr.com\/forum\/enceintes-haute-fidelite\/leedh-c-e-by-acoustical-beauty-t29954051.html\" target=\"_blank\" rel=\"noopener\">HCFR<\/a> et <a href=\"http:\/\/www.club-hifi.com\/\" target=\"_blank\" rel=\"noopener\">ClubHifi<\/a><br \/>\n<iframe loading=\"lazy\" title=\"CAISSON LEEDH 2 0 015\" width=\"474\" height=\"356\" src=\"https:\/\/www.youtube.com\/embed\/WHvfLu2pTsI?feature=oembed\" frameborder=\"0\" allow=\"accelerometer; autoplay; clipboard-write; encrypted-media; gyroscope; picture-in-picture; web-share\" referrerpolicy=\"strict-origin-when-cross-origin\" allowfullscreen><\/iframe><\/p>\n<p><strong>R\u00e9ception des nouveaux caissons 20.1<\/strong>\u00a0: page 2<span style=\"color: #000080;\"><br \/>\n<\/span><\/p>\n<p><!--nextpage--><\/p>\n<h6>Les caissons LEEDH 20.1 version Athom 500<\/h6>\n<p>La version avec l&rsquo;amplification 500 remplace l&rsquo;ancienne 300.<\/p>\n<p><a href=\"http:\/\/www.living-leedh.com\/wp-content\/uploads\/2015\/03\/carton1w.jpg\"><strong><img loading=\"lazy\" decoding=\"async\" class=\" wp-image-1495 alignleft\" src=\"http:\/\/www.living-leedh.com\/wp-content\/uploads\/2015\/03\/carton1w-300x169.jpg\" alt=\"carton1w\" width=\"254\" height=\"143\" srcset=\"https:\/\/www.living-leedh.com\/wp-content\/uploads\/2015\/03\/carton1w-300x169.jpg 300w, https:\/\/www.living-leedh.com\/wp-content\/uploads\/2015\/03\/carton1w.jpg 1024w, https:\/\/www.living-leedh.com\/wp-content\/uploads\/2015\/03\/carton1w-400x225.jpg 400w\" sizes=\"auto, (max-width: 254px) 100vw, 254px\" \/><\/strong><\/a>Ouvrir par en Bas !<a href=\"http:\/\/www.living-leedh.com\/wp-content\/uploads\/2015\/03\/cartonw.jpg\"><img loading=\"lazy\" decoding=\"async\" class=\" wp-image-1497 alignnone\" src=\"http:\/\/www.living-leedh.com\/wp-content\/uploads\/2015\/03\/cartonw-223x300.jpg\" alt=\"cartonw\" width=\"184\" height=\"247\" srcset=\"https:\/\/www.living-leedh.com\/wp-content\/uploads\/2015\/03\/cartonw-223x300.jpg 223w, https:\/\/www.living-leedh.com\/wp-content\/uploads\/2015\/03\/cartonw.jpg 333w\" sizes=\"auto, (max-width: 184px) 100vw, 184px\" \/><\/a><\/p>\n<p><a href=\"http:\/\/www.living-leedh.com\/wp-content\/uploads\/2015\/03\/branche0w.jpg\"><img loading=\"lazy\" decoding=\"async\" class=\" wp-image-1498 alignleft\" src=\"http:\/\/www.living-leedh.com\/wp-content\/uploads\/2015\/03\/branche0w-169x300.jpg\" alt=\"branche0w\" width=\"201\" height=\"357\" srcset=\"https:\/\/www.living-leedh.com\/wp-content\/uploads\/2015\/03\/branche0w-169x300.jpg 169w, https:\/\/www.living-leedh.com\/wp-content\/uploads\/2015\/03\/branche0w.jpg 576w, https:\/\/www.living-leedh.com\/wp-content\/uploads\/2015\/03\/branche0w-338x600.jpg 338w\" sizes=\"auto, (max-width: 201px) 100vw, 201px\" \/><\/a><\/p>\n<p><strong><a href=\"http:\/\/www.living-leedh.com\/wp-content\/uploads\/2015\/03\/manuel-Subwoofer-Fr.pdf\" target=\"_blank\" rel=\"noopener\">Les branchements et r\u00e9glages <\/a>: <\/strong><span style=\"color: #000000; font-family: Times New Roman;\">Fr\u00e9quence coupure\u00a060 hertz, phase 0\u00b0, 12db, le volume\u00a0\u00e0 z\u00e9ro\u00a0\u00e0 mettre entre 9 et 10 heures.<a href=\"http:\/\/www.living-leedh.com\/wp-content\/uploads\/2015\/03\/500sstensionw.jpg\"><img loading=\"lazy\" decoding=\"async\" class=\"alignnone size-medium wp-image-1499\" src=\"http:\/\/www.living-leedh.com\/wp-content\/uploads\/2015\/03\/500sstensionw-169x300.jpg\" alt=\"500sstensionw\" width=\"169\" height=\"300\" srcset=\"https:\/\/www.living-leedh.com\/wp-content\/uploads\/2015\/03\/500sstensionw-169x300.jpg 169w, https:\/\/www.living-leedh.com\/wp-content\/uploads\/2015\/03\/500sstensionw.jpg 576w, https:\/\/www.living-leedh.com\/wp-content\/uploads\/2015\/03\/500sstensionw-338x600.jpg 338w\" sizes=\"auto, (max-width: 169px) 100vw, 169px\" \/><\/a><\/span><\/p>\n<p style=\"text-align: left;\"><strong><img loading=\"lazy\" decoding=\"async\" class=\" size-medium wp-image-1502 alignright\" src=\"http:\/\/www.living-leedh.com\/wp-content\/uploads\/2015\/03\/p17j9o359h1gpa19gvdbt7dgr17p-205x300.jpg\" alt=\"p17j9o359h1gpa19gvdbt7dgr17p\" width=\"205\" height=\"300\" srcset=\"https:\/\/www.living-leedh.com\/wp-content\/uploads\/2015\/03\/p17j9o359h1gpa19gvdbt7dgr17p-205x300.jpg 205w, https:\/\/www.living-leedh.com\/wp-content\/uploads\/2015\/03\/p17j9o359h1gpa19gvdbt7dgr17p.jpg 341w\" sizes=\"auto, (max-width: 205px) 100vw, 205px\" \/><\/strong><\/p>\n<p style=\"text-align: left;\"><strong>Power-ON &#8230;<\/strong> une sc\u00e8ne\u00a0 ou Tom Cruise rentre dans une caverne, <em>\u00ab\u00a0j&rsquo;avais l&rsquo;impression d \u00eatre avec lui\u00a0\u00bb<\/em>.<\/p>\n<p style=\"text-align: left;\">Face \u00e0 la version 300, ces nouveaux caissons 20.1, avec l&rsquo;amplification Athom 500,\u00a0d\u00e9veloppent une plus grande dynamique.<\/p>\n<p>&nbsp;<\/p>\n<p>&nbsp;<\/p>\n<p>&nbsp;<\/p>\n<p><strong>Contacter<\/strong> M\u00e9lomane34 :<\/p>\n<div role=\"form\" class=\"wpcf7\" id=\"wpcf7-f92-o1\" lang=\"fr-FR\" dir=\"ltr\">\n<div class=\"screen-reader-response\"><p role=\"status\" aria-live=\"polite\" aria-atomic=\"true\"><\/p> <ul><\/ul><\/div>\n<form action=\"\/index.php?rest_route=%2Fwp%2Fv2%2Fpages%2F88#wpcf7-f92-o1\" method=\"post\" class=\"wpcf7-form init\" novalidate=\"novalidate\" data-status=\"init\">\n<div style=\"display: none;\">\n<input type=\"hidden\" name=\"_wpcf7\" value=\"92\" \/>\n<input type=\"hidden\" name=\"_wpcf7_version\" value=\"5.5.6\" \/>\n<input type=\"hidden\" name=\"_wpcf7_locale\" value=\"fr_FR\" \/>\n<input type=\"hidden\" name=\"_wpcf7_unit_tag\" value=\"wpcf7-f92-o1\" \/>\n<input type=\"hidden\" name=\"_wpcf7_container_post\" value=\"0\" \/>\n<input type=\"hidden\" name=\"_wpcf7_posted_data_hash\" value=\"\" \/>\n<input type=\"hidden\" name=\"_wpcf7_recaptcha_response\" value=\"\" \/>\n<\/div>\n<p>Votre nom*<br \/>\n    <span class=\"wpcf7-form-control-wrap your-name\"><input type=\"text\" name=\"your-name\" value=\"\" size=\"40\" class=\"wpcf7-form-control wpcf7-text wpcf7-validates-as-required\" aria-required=\"true\" aria-invalid=\"false\" \/><\/span> <\/p>\n<p>Votre email*<br \/>\n    <span class=\"wpcf7-form-control-wrap your-email\"><input type=\"email\" name=\"your-email\" value=\"\" size=\"40\" class=\"wpcf7-form-control wpcf7-text wpcf7-email wpcf7-validates-as-required wpcf7-validates-as-email\" aria-required=\"true\" aria-invalid=\"false\" \/><\/span> <\/p>\n<p>Sujet*<br \/>\n    <span class=\"wpcf7-form-control-wrap your-subject\"><input type=\"text\" name=\"your-subject\" value=\"\" size=\"40\" class=\"wpcf7-form-control wpcf7-text wpcf7-validates-as-required\" aria-required=\"true\" aria-invalid=\"false\" \/><\/span> <\/p>\n<p>Votre message<br \/>\n    <span class=\"wpcf7-form-control-wrap your-message\"><textarea name=\"your-message\" cols=\"40\" rows=\"10\" class=\"wpcf7-form-control wpcf7-textarea\" aria-invalid=\"false\"><\/textarea><\/span> <\/p>\n\n<p><input type=\"submit\" value=\"Envoyer\" class=\"wpcf7-form-control has-spinner wpcf7-submit\" \/><\/p>\n<p style=\"display: none !important;\"><label>&#916;<textarea name=\"_wpcf7_ak_hp_textarea\" cols=\"45\" rows=\"8\" maxlength=\"100\"><\/textarea><\/label><input type=\"hidden\" id=\"ak_js_1\" name=\"_wpcf7_ak_js\" value=\"111\"\/><script>document.getElementById( \"ak_js_1\" ).setAttribute( \"value\", ( new Date() ).getTime() );<\/script><\/p><div class=\"wpcf7-response-output\" aria-hidden=\"true\"><\/div><\/form><\/div>\n","protected":false},"excerpt":{"rendered":"<p>Situ\u00e9e pr\u00e8s du Cap d&rsquo;Agde (on a connu pire), cette belle installation, tout \u00e0 la fois pour une \u00e9coute audiophile et home-cin\u00e9ma, met en \u0153uvre pas moins de 2 caissons 20.1 &#8230; L&rsquo;optimisation de l&rsquo;acoustique de la pi\u00e8ce et du meuble a \u00e9t\u00e9 faite par Laurent Gromier de Troisens. Leedh E2, c\u00e2ble Universel,\u00a0 2 x &hellip; <a href=\"https:\/\/www.living-leedh.com\/?page_id=88\" class=\"more-link\">Continuer la lecture de <span class=\"screen-reader-text\">M\u00e9lomane34<\/span>  <span class=\"meta-nav\">&rarr;<\/span><\/a><\/p>\n","protected":false},"author":1,"featured_media":0,"parent":0,"menu_order":0,"comment_status":"open","ping_status":"open","template":"page-templates\/full-width.php","meta":{"_bbp_topic_count":0,"_bbp_reply_count":0,"_bbp_total_topic_count":0,"_bbp_total_reply_count":0,"_bbp_voice_count":0,"_bbp_anonymous_reply_count":0,"_bbp_topic_count_hidden":0,"_bbp_reply_count_hidden":0,"_bbp_forum_subforum_count":0,"footnotes":""},"class_list":["post-88","page","type-page","status-publish","hentry"],"_links":{"self":[{"href":"https:\/\/www.living-leedh.com\/index.php?rest_route=\/wp\/v2\/pages\/88","targetHints":{"allow":["GET"]}}],"collection":[{"href":"https:\/\/www.living-leedh.com\/index.php?rest_route=\/wp\/v2\/pages"}],"about":[{"href":"https:\/\/www.living-leedh.com\/index.php?rest_route=\/wp\/v2\/types\/page"}],"author":[{"embeddable":true,"href":"https:\/\/www.living-leedh.com\/index.php?rest_route=\/wp\/v2\/users\/1"}],"replies":[{"embeddable":true,"href":"https:\/\/www.living-leedh.com\/index.php?rest_route=%2Fwp%2Fv2%2Fcomments&post=88"}],"version-history":[{"count":32,"href":"https:\/\/www.living-leedh.com\/index.php?rest_route=\/wp\/v2\/pages\/88\/revisions"}],"predecessor-version":[{"id":7443,"href":"https:\/\/www.living-leedh.com\/index.php?rest_route=\/wp\/v2\/pages\/88\/revisions\/7443"}],"wp:attachment":[{"href":"https:\/\/www.living-leedh.com\/index.php?rest_route=%2Fwp%2Fv2%2Fmedia&parent=88"}],"curies":[{"name":"wp","href":"https:\/\/api.w.org\/{rel}","templated":true}]}}